{"id":385,"date":"2015-03-12T13:40:09","date_gmt":"2015-03-12T12:40:09","guid":{"rendered":"http:\/\/www.harmonie-hotel.com\/harmonie2015\/?page_id=385"},"modified":"2026-04-28T22:01:41","modified_gmt":"2026-04-28T20:01:41","slug":"ebikeverleih-radbusse","status":"publish","type":"page","link":"https:\/\/das-moser.at\/en\/region-villach-faakersee\/ebikeverleih-radbusse\/","title":{"rendered":"E-Bike Verleih &#038; Radbusse"},"content":{"rendered":"<p>The innovative e-bike rental company &#8220;click&amp;bike&#8221; is based in Faak in the historical railway station. High-quality, modern e-bikes can be rented here.<br \/>\nThe e-bikes are booked online via the website <a href=\"https:\/\/www.fahrrad-mieten.at\/en\">fahrrad-mieten.at<\/a><br \/>\nWith the booking confirmation you will receive a PIN code with which the e-bikes can be picked-up.<\/p>\n<p>Why click&amp;bike?:<\/p>\n<p>1) Long opening times: daily 6 a.m. to 11 p.m. (incl. Sundays and public holidays), therefore also well combineable with the cycle bus offers of the tourism region.<\/p>\n<p>2) Modern, new, high-quality e-bikes (there are also models with a easy entry), large gear ratio, powerful motor (BOSCH CX) and powerful battery (750wh).<\/p>\n<p>3) Exact models in the right size can be booked online, real-time availability on the click&amp;bike homepage, contact-free pickup with PIN code.<\/p>\n<p>4) Very cheap prices thanks to automation of the entire booking and rental process:<\/p>\n<p>&#8211; 9 hours: from 45 Euro<br \/>\n&#8211; 12 hours: 48 Euro<br \/>\n&#8211; 2 days: 90 Euro<br \/>\n&#8211; 3 days: 120 Euro<br \/>\n&#8211; 4 days: 150 Euro<br \/>\netc.<\/p>\n<p>5) All prices INCLUDE: lock, helmet, bike bag and mobile phone holder on the handlebars (to follow a GPS-recorded bike route).<\/p>\n<p>6) During the rental period, parking is free at the parking lot of the train station Faak.<\/p>\n<p><a href=\"https:\/\/www.fahrrad-mieten.at\/en\">Book an e-bike now!<\/a><\/p>\n<p>\u21d2 Did you know that thanks to the very long opening times of Click&amp;Bike, you can make excellent use of the tourist region&#8217;s cycle buses? <a href=\"https:\/\/connect.visitvillach.at\/en\/bicycle-buses.html\" target=\"_blank\" rel=\"noopener\">Here<\/a> are the tours where you can easily cover a stretch by bike bus so that you can experience more remote places by bike.<\/p>\n","protected":false},"excerpt":{"rendered":"<p>The innovative e-bike rental company &#8220;click&amp;bike&#8221; is based in Faak in the historical railway station. High-quality, modern e-bikes can be rented here. The e-bikes are booked online via the website fahrrad-mieten.at With the booking confirmation you will receive a PIN code with which the e-bikes can be picked-up. Why click&amp;bike?: 1) Long opening times: daily [&hellip;]<\/p>\n","protected":false},"author":2,"featured_media":0,"parent":11,"menu_order":2,"comment_status":"closed","ping_status":"closed","template":"","meta":{"_monsterinsights_skip_tracking":false,"_monsterinsights_sitenote_active":false,"_monsterinsights_sitenote_note":"","_monsterinsights_sitenote_category":0,"footnotes":""},"categories":[5],"class_list":["post-385","page","type-page","status-publish","hentry","category-region"],"yoast_head":"<!-- This site is optimized with the Yoast SEO plugin v27.5 - https:\/\/yoast.com\/product\/yoast-seo-wordpress\/ -->\n<title>E-Bike Verleih &amp; Radbusse &#187; das Moser - Hotel am Faaker See<\/title>\n<meta name=\"description\" content=\"Urlaub im modernen Hotel Moser am Faaker See, K\u00e4rnten. Einziges Erwachsenenhotel mit Seezugang zum t\u00fcrkisen Faaker See im S\u00fcden \u00d6sterreichs.\" \/>\n<meta name=\"robots\" content=\"index, follow, max-snippet:-1, max-image-preview:large, max-video-preview:-1\" \/>\n<link rel=\"canonical\" href=\"https:\/\/das-moser.at\/region-villach-faakersee\/ebikeverleih-radbusse\/\" \/>\n<meta property=\"og:locale\" content=\"en_US\" \/>\n<meta property=\"og:type\" content=\"article\" \/>\n<meta property=\"og:title\" content=\"E-Bike Verleih &amp; Radbusse &#187; das Moser - Hotel am Faaker See\" \/>\n<meta property=\"og:description\" content=\"Urlaub im modernen Hotel Moser am Faaker See, K\u00e4rnten. Einziges Erwachsenenhotel mit Seezugang zum t\u00fcrkisen Faaker See im S\u00fcden \u00d6sterreichs.\" \/>\n<meta property=\"og:url\" content=\"https:\/\/das-moser.at\/region-villach-faakersee\/ebikeverleih-radbusse\/\" \/>\n<meta property=\"og:site_name\" content=\"das Moser - Hotel am Faaker See\" \/>\n<meta property=\"article:publisher\" content=\"https:\/\/www.facebook.com\/dasmoseramsee\" \/>\n<meta property=\"article:modified_time\" content=\"2026-04-28T20:01:41+00:00\" \/>\n<meta property=\"og:image\" content=\"https:\/\/das-moser.at\/wp-content\/uploads\/dasMoser.png\" \/>\n\t<meta property=\"og:image:width\" content=\"195\" \/>\n\t<meta property=\"og:image:height\" content=\"170\" \/>\n\t<meta property=\"og:image:type\" content=\"image\/png\" \/>\n<meta name=\"twitter:card\" content=\"summary_large_image\" \/>\n<meta name=\"twitter:label1\" content=\"Est. reading time\" \/>\n\t<meta name=\"twitter:data1\" content=\"3 minutes\" \/>\n<script type=\"application\/ld+json\" class=\"yoast-schema-graph\">{\"@context\":\"https:\\\/\\\/schema.org\",\"@graph\":[{\"@type\":\"WebPage\",\"@id\":\"https:\\\/\\\/das-moser.at\\\/region-villach-faakersee\\\/ebikeverleih-radbusse\\\/\",\"url\":\"https:\\\/\\\/das-moser.at\\\/region-villach-faakersee\\\/ebikeverleih-radbusse\\\/\",\"name\":\"E-Bike Verleih & Radbusse &#187; das Moser - Hotel am Faaker See\",\"isPartOf\":{\"@id\":\"https:\\\/\\\/das-moser.at\\\/#website\"},\"datePublished\":\"2015-03-12T12:40:09+00:00\",\"dateModified\":\"2026-04-28T20:01:41+00:00\",\"description\":\"Urlaub im modernen Hotel Moser am Faaker See, K\u00e4rnten. Einziges Erwachsenenhotel mit Seezugang zum t\u00fcrkisen Faaker See im S\u00fcden \u00d6sterreichs.\",\"breadcrumb\":{\"@id\":\"https:\\\/\\\/das-moser.at\\\/region-villach-faakersee\\\/ebikeverleih-radbusse\\\/#breadcrumb\"},\"inLanguage\":\"en-US\",\"potentialAction\":[{\"@type\":\"ReadAction\",\"target\":[\"https:\\\/\\\/das-moser.at\\\/region-villach-faakersee\\\/ebikeverleih-radbusse\\\/\"]}]},{\"@type\":\"BreadcrumbList\",\"@id\":\"https:\\\/\\\/das-moser.at\\\/region-villach-faakersee\\\/ebikeverleih-radbusse\\\/#breadcrumb\",\"itemListElement\":[{\"@type\":\"ListItem\",\"position\":1,\"name\":\"Home\",\"item\":\"https:\\\/\\\/das-moser.at\\\/\"},{\"@type\":\"ListItem\",\"position\":2,\"name\":\"Region Villach &#8211; Faaker See\",\"item\":\"https:\\\/\\\/das-moser.at\\\/region-villach-faakersee\\\/\"},{\"@type\":\"ListItem\",\"position\":3,\"name\":\"E-Bike Verleih &#038; Radbusse\"}]},{\"@type\":\"WebSite\",\"@id\":\"https:\\\/\\\/das-moser.at\\\/#website\",\"url\":\"https:\\\/\\\/das-moser.at\\\/\",\"name\":\"das Moser - Hotel am Faaker See\",\"description\":\"\",\"publisher\":{\"@id\":\"https:\\\/\\\/das-moser.at\\\/#organization\"},\"alternateName\":\"das Moser Hotel am See\",\"inLanguage\":\"en-US\"},{\"@type\":\"Organization\",\"@id\":\"https:\\\/\\\/das-moser.at\\\/#organization\",\"name\":\"das Moser\",\"url\":\"https:\\\/\\\/das-moser.at\\\/\",\"logo\":{\"@type\":\"ImageObject\",\"inLanguage\":\"en-US\",\"@id\":\"https:\\\/\\\/das-moser.at\\\/#\\\/schema\\\/logo\\\/image\\\/\",\"url\":\"https:\\\/\\\/das-moser.at\\\/wp-content\\\/uploads\\\/dasMoser.png\",\"contentUrl\":\"https:\\\/\\\/das-moser.at\\\/wp-content\\\/uploads\\\/dasMoser.png\",\"width\":195,\"height\":170,\"caption\":\"das Moser\"},\"image\":{\"@id\":\"https:\\\/\\\/das-moser.at\\\/#\\\/schema\\\/logo\\\/image\\\/\"},\"sameAs\":[\"https:\\\/\\\/www.facebook.com\\\/dasmoseramsee\"]}]}<\/script>\n<!-- \/ Yoast SEO plugin. -->","yoast_head_json":{"title":"E-Bike Verleih & Radbusse &#187; das Moser - Hotel am Faaker See","description":"Urlaub im modernen Hotel Moser am Faaker See, K\u00e4rnten. Einziges Erwachsenenhotel mit Seezugang zum t\u00fcrkisen Faaker See im S\u00fcden \u00d6sterreichs.","robots":{"index":"index","follow":"follow","max-snippet":"max-snippet:-1","max-image-preview":"max-image-preview:large","max-video-preview":"max-video-preview:-1"},"canonical":"https:\/\/das-moser.at\/region-villach-faakersee\/ebikeverleih-radbusse\/","og_locale":"en_US","og_type":"article","og_title":"E-Bike Verleih & Radbusse &#187; das Moser - Hotel am Faaker See","og_description":"Urlaub im modernen Hotel Moser am Faaker See, K\u00e4rnten. Einziges Erwachsenenhotel mit Seezugang zum t\u00fcrkisen Faaker See im S\u00fcden \u00d6sterreichs.","og_url":"https:\/\/das-moser.at\/region-villach-faakersee\/ebikeverleih-radbusse\/","og_site_name":"das Moser - Hotel am Faaker See","article_publisher":"https:\/\/www.facebook.com\/dasmoseramsee","article_modified_time":"2026-04-28T20:01:41+00:00","og_image":[{"width":195,"height":170,"url":"https:\/\/das-moser.at\/wp-content\/uploads\/dasMoser.png","type":"image\/png"}],"twitter_card":"summary_large_image","twitter_misc":{"Est. reading time":"3 minutes"},"schema":{"@context":"https:\/\/schema.org","@graph":[{"@type":"WebPage","@id":"https:\/\/das-moser.at\/region-villach-faakersee\/ebikeverleih-radbusse\/","url":"https:\/\/das-moser.at\/region-villach-faakersee\/ebikeverleih-radbusse\/","name":"E-Bike Verleih & Radbusse &#187; das Moser - Hotel am Faaker See","isPartOf":{"@id":"https:\/\/das-moser.at\/#website"},"datePublished":"2015-03-12T12:40:09+00:00","dateModified":"2026-04-28T20:01:41+00:00","description":"Urlaub im modernen Hotel Moser am Faaker See, K\u00e4rnten. Einziges Erwachsenenhotel mit Seezugang zum t\u00fcrkisen Faaker See im S\u00fcden \u00d6sterreichs.","breadcrumb":{"@id":"https:\/\/das-moser.at\/region-villach-faakersee\/ebikeverleih-radbusse\/#breadcrumb"},"inLanguage":"en-US","potentialAction":[{"@type":"ReadAction","target":["https:\/\/das-moser.at\/region-villach-faakersee\/ebikeverleih-radbusse\/"]}]},{"@type":"BreadcrumbList","@id":"https:\/\/das-moser.at\/region-villach-faakersee\/ebikeverleih-radbusse\/#breadcrumb","itemListElement":[{"@type":"ListItem","position":1,"name":"Home","item":"https:\/\/das-moser.at\/"},{"@type":"ListItem","position":2,"name":"Region Villach &#8211; Faaker See","item":"https:\/\/das-moser.at\/region-villach-faakersee\/"},{"@type":"ListItem","position":3,"name":"E-Bike Verleih &#038; Radbusse"}]},{"@type":"WebSite","@id":"https:\/\/das-moser.at\/#website","url":"https:\/\/das-moser.at\/","name":"das Moser - Hotel am Faaker See","description":"","publisher":{"@id":"https:\/\/das-moser.at\/#organization"},"alternateName":"das Moser Hotel am See","inLanguage":"en-US"},{"@type":"Organization","@id":"https:\/\/das-moser.at\/#organization","name":"das Moser","url":"https:\/\/das-moser.at\/","logo":{"@type":"ImageObject","inLanguage":"en-US","@id":"https:\/\/das-moser.at\/#\/schema\/logo\/image\/","url":"https:\/\/das-moser.at\/wp-content\/uploads\/dasMoser.png","contentUrl":"https:\/\/das-moser.at\/wp-content\/uploads\/dasMoser.png","width":195,"height":170,"caption":"das Moser"},"image":{"@id":"https:\/\/das-moser.at\/#\/schema\/logo\/image\/"},"sameAs":["https:\/\/www.facebook.com\/dasmoseramsee"]}]}},"_links":{"self":[{"href":"https:\/\/das-moser.at\/en\/wp-json\/wp\/v2\/pages\/385","targetHints":{"allow":["GET"]}}],"collection":[{"href":"https:\/\/das-moser.at\/en\/wp-json\/wp\/v2\/pages"}],"about":[{"href":"https:\/\/das-moser.at\/en\/wp-json\/wp\/v2\/types\/page"}],"author":[{"embeddable":true,"href":"https:\/\/das-moser.at\/en\/wp-json\/wp\/v2\/users\/2"}],"replies":[{"embeddable":true,"href":"https:\/\/das-moser.at\/en\/wp-json\/wp\/v2\/comments?post=385"}],"version-history":[{"count":1,"href":"https:\/\/das-moser.at\/en\/wp-json\/wp\/v2\/pages\/385\/revisions"}],"predecessor-version":[{"id":3779,"href":"https:\/\/das-moser.at\/en\/wp-json\/wp\/v2\/pages\/385\/revisions\/3779"}],"up":[{"embeddable":true,"href":"https:\/\/das-moser.at\/en\/wp-json\/wp\/v2\/pages\/11"}],"wp:attachment":[{"href":"https:\/\/das-moser.at\/en\/wp-json\/wp\/v2\/media?parent=385"}],"wp:term":[{"taxonomy":"category","embeddable":true,"href":"https:\/\/das-moser.at\/en\/wp-json\/wp\/v2\/categories?post=385"}],"curies":[{"name":"wp","href":"https:\/\/api.w.org\/{rel}","templated":true}]}}